{"id":6,"date":"2021-05-24T17:20:23","date_gmt":"2021-05-24T20:20:23","guid":{"rendered":"http:\/\/hojeodontologia.com.br\/?page_id=6"},"modified":"2024-09-10T09:40:02","modified_gmt":"2024-09-10T12:40:02","slug":"home","status":"publish","type":"page","link":"https:\/\/hojeodontologia.com.br\/","title":{"rendered":"Home"},"content":{"rendered":"\t\t<div data-elementor-type=\"wp-page\" data-elementor-id=\"6\" class=\"elementor elementor-6\">\n\t\t\t\t\t\t\t\t\t<section class=\"elementor-section elementor-top-section elementor-element elementor-element-a44d048 elementor-section-height-min-height elementor-hidden-tablet elementor-hidden-mobile elementor-section-boxed elementor-section-height-default elementor-section-items-middle\" data-id=\"a44d048\" data-element_type=\"section\" data-settings=\"{&quot;background_background&quot;:&quot;classic&quot;}\">\n\t\t\t\t\t\t\t<div class=\"elementor-background-overlay\"><\/div>\n\t\t\t\t\t\t\t<div class=\"elementor-container elementor-column-gap-no\">\n\t\t\t\t\t<div class=\"elementor-column elementor-col-100 elementor-top-column elementor-element elementor-element-5003664\" data-id=\"5003664\" data-element_type=\"column\">\n\t\t\t<div class=\"elementor-widget-wrap elementor-element-populated\">\n\t\t\t\t\t\t\t\t<div class=\"elementor-element elementor-element-6257f3e elementor-widget__width-initial elementor-widget-mobile__width-initial elementor-widget elementor-widget-heading\" data-id=\"6257f3e\" data-element_type=\"widget\" data-widget_type=\"heading.default\">\n\t\t\t\t<div class=\"elementor-widget-container\">\n\t\t\t<h2 class=\"elementor-heading-title elementor-size-default\">Modula\u00e7\u00e3o Hormonal Odontol\u00f3gica<\/h2>\t\t<\/div>\n\t\t\t\t<\/div>\n\t\t\t\t<div class=\"elementor-element elementor-element-b8708f4 elementor-widget__width-initial elementor-widget-mobile__width-initial elementor-widget elementor-widget-text-editor\" data-id=\"b8708f4\" data-element_type=\"widget\" data-widget_type=\"text-editor.default\">\n\t\t\t\t<div class=\"elementor-widget-container\">\n\t\t\t\t\t\t\t<p>Transformando vidas atrav\u00e9s do atendimento integral e personalizado!<\/p>\t\t\t\t\t\t<\/div>\n\t\t\t\t<\/div>\n\t\t\t\t<div class=\"elementor-element elementor-element-c90470e elementor-widget__width-initial elementor-widget-mobile__width-initial elementor-widget elementor-widget-text-editor\" data-id=\"c90470e\" data-element_type=\"widget\" data-widget_type=\"text-editor.default\">\n\t\t\t\t<div class=\"elementor-widget-container\">\n\t\t\t\t\t\t\t<p>N\u00e3o existe boca saud\u00e1vel em um corpo doente. Cuide-se!<\/p>\t\t\t\t\t\t<\/div>\n\t\t\t\t<\/div>\n\t\t\t\t<div class=\"elementor-element elementor-element-671c9e1 elementor-mobile-align-center elementor-widget-mobile__width-initial elementor-widget elementor-widget-button\" data-id=\"671c9e1\" data-element_type=\"widget\" data-widget_type=\"button.default\">\n\t\t\t\t<div class=\"elementor-widget-container\">\n\t\t\t\t\t<div class=\"elementor-button-wrapper\">\n\t\t\t<a href=\"#\" class=\"elementor-button-link elementor-button elementor-size-sm\" role=\"button\">\n\t\t\t\t\t\t<span class=\"elementor-button-content-wrapper\">\n\t\t\t\t\t\t\t<span class=\"elementor-button-icon elementor-align-icon-left\">\n\t\t\t\t<i aria-hidden=\"true\" class=\"fab fa-whatsapp\"><\/i>\t\t\t<\/span>\n\t\t\t\t\t\t<span class=\"elementor-button-text\">Entre em contato e agende sua consulta!<\/span>\n\t\t<\/span>\n\t\t\t\t\t<\/a>\n\t\t<\/div>\n\t\t\t\t<\/div>\n\t\t\t\t<\/div>\n\t\t\t\t\t<\/div>\n\t\t<\/div>\n\t\t\t\t\t\t\t<\/div>\n\t\t<\/section>\n\t\t\t\t<section class=\"elementor-section elementor-top-section elementor-element elementor-element-622e08b elementor-section-height-min-height elementor-hidden-desktop elementor-section-boxed elementor-section-height-default elementor-section-items-middle\" data-id=\"622e08b\" data-element_type=\"section\" data-settings=\"{&quot;background_background&quot;:&quot;classic&quot;}\">\n\t\t\t\t\t\t\t<div class=\"elementor-background-overlay\"><\/div>\n\t\t\t\t\t\t\t<div class=\"elementor-container elementor-column-gap-no\">\n\t\t\t\t\t<div class=\"elementor-column elementor-col-100 elementor-top-column elementor-element elementor-element-a140518\" data-id=\"a140518\" data-element_type=\"column\">\n\t\t\t<div class=\"elementor-widget-wrap elementor-element-populated\">\n\t\t\t\t\t\t\t\t<div class=\"elementor-element elementor-element-9c96ceb elementor-widget__width-initial elementor-widget-mobile__width-initial elementor-widget elementor-widget-heading\" data-id=\"9c96ceb\" data-element_type=\"widget\" data-widget_type=\"heading.default\">\n\t\t\t\t<div class=\"elementor-widget-container\">\n\t\t\t<h2 class=\"elementor-heading-title elementor-size-default\">Hoje Odontologia e Modula\u00e7\u00e3o Hormonal <\/h2>\t\t<\/div>\n\t\t\t\t<\/div>\n\t\t\t\t<div class=\"elementor-element elementor-element-135c305 elementor-widget__width-initial elementor-widget-mobile__width-initial elementor-widget elementor-widget-text-editor\" data-id=\"135c305\" data-element_type=\"widget\" data-widget_type=\"text-editor.default\">\n\t\t\t\t<div class=\"elementor-widget-container\">\n\t\t\t\t\t\t\t<p>Transformando vidas atrav\u00e9s do atendimento integral e personalizado<\/p>\t\t\t\t\t\t<\/div>\n\t\t\t\t<\/div>\n\t\t\t\t<div class=\"elementor-element elementor-element-c9a3f70 elementor-widget__width-initial elementor-widget-mobile__width-initial elementor-widget elementor-widget-text-editor\" data-id=\"c9a3f70\" data-element_type=\"widget\" data-widget_type=\"text-editor.default\">\n\t\t\t\t<div class=\"elementor-widget-container\">\n\t\t\t\t\t\t\t<p>N\u00e3o existe boca saud\u00e1vel em um corpo doente. Cuide-se!<\/p>\t\t\t\t\t\t<\/div>\n\t\t\t\t<\/div>\n\t\t\t\t<div class=\"elementor-element elementor-element-b9e2786 elementor-mobile-align-center elementor-widget-mobile__width-initial elementor-widget elementor-widget-button\" data-id=\"b9e2786\" data-element_type=\"widget\" data-widget_type=\"button.default\">\n\t\t\t\t<div class=\"elementor-widget-container\">\n\t\t\t\t\t<div class=\"elementor-button-wrapper\">\n\t\t\t<a href=\"#\" class=\"elementor-button-link elementor-button elementor-size-sm\" role=\"button\">\n\t\t\t\t\t\t<span class=\"elementor-button-content-wrapper\">\n\t\t\t\t\t\t\t<span class=\"elementor-button-icon elementor-align-icon-left\">\n\t\t\t\t<i aria-hidden=\"true\" class=\"fab fa-whatsapp\"><\/i>\t\t\t<\/span>\n\t\t\t\t\t\t<span class=\"elementor-button-text\">Entre em contato e agende sua consulta!<\/span>\n\t\t<\/span>\n\t\t\t\t\t<\/a>\n\t\t<\/div>\n\t\t\t\t<\/div>\n\t\t\t\t<\/div>\n\t\t\t\t\t<\/div>\n\t\t<\/div>\n\t\t\t\t\t\t\t<\/div>\n\t\t<\/section>\n\t\t\t\t<section class=\"elementor-section elementor-top-section elementor-element elementor-element-0672396 elementor-section-boxed elementor-section-height-default elementor-section-height-default\" data-id=\"0672396\" data-element_type=\"section\" data-settings=\"{&quot;background_background&quot;:&quot;classic&quot;}\">\n\t\t\t\t\t\t<div class=\"elementor-container elementor-column-gap-default\">\n\t\t\t\t\t<div class=\"elementor-column elementor-col-50 elementor-top-column elementor-element elementor-element-5ee04f6\" data-id=\"5ee04f6\" data-element_type=\"column\">\n\t\t\t<div class=\"elementor-widget-wrap elementor-element-populated\">\n\t\t\t\t\t\t\t\t<div class=\"elementor-element elementor-element-280c270 elementor-widget elementor-widget-image\" data-id=\"280c270\" data-element_type=\"widget\" data-widget_type=\"image.default\">\n\t\t\t\t<div class=\"elementor-widget-container\">\n\t\t\t\t\t\t\t\t\t\t\t\t\t\t\t<img decoding=\"async\" loading=\"lazy\" width=\"580\" height=\"572\" src=\"https:\/\/hojeodontologia.com.br\/wp-content\/uploads\/2023\/06\/WhatsApp-Image-2023-06-02-at-18.32.10-1024x1009.jpeg\" class=\"attachment-large size-large wp-image-407\" alt=\"\" srcset=\"https:\/\/hojeodontologia.com.br\/wp-content\/uploads\/2023\/06\/WhatsApp-Image-2023-06-02-at-18.32.10-1024x1009.jpeg 1024w, https:\/\/hojeodontologia.com.br\/wp-content\/uploads\/2023\/06\/WhatsApp-Image-2023-06-02-at-18.32.10-300x296.jpeg 300w, https:\/\/hojeodontologia.com.br\/wp-content\/uploads\/2023\/06\/WhatsApp-Image-2023-06-02-at-18.32.10-768x757.jpeg 768w, https:\/\/hojeodontologia.com.br\/wp-content\/uploads\/2023\/06\/WhatsApp-Image-2023-06-02-at-18.32.10-1200x1183.jpeg 1200w, https:\/\/hojeodontologia.com.br\/wp-content\/uploads\/2023\/06\/WhatsApp-Image-2023-06-02-at-18.32.10.jpeg 1468w\" sizes=\"(max-width: 580px) 100vw, 580px\" \/>\t\t\t\t\t\t\t\t\t\t\t\t\t\t\t<\/div>\n\t\t\t\t<\/div>\n\t\t\t\t\t<\/div>\n\t\t<\/div>\n\t\t\t\t<div class=\"elementor-column elementor-col-50 elementor-top-column elementor-element elementor-element-1c472c8\" data-id=\"1c472c8\" data-element_type=\"column\">\n\t\t\t<div class=\"elementor-widget-wrap elementor-element-populated\">\n\t\t\t\t\t\t\t\t<div class=\"elementor-element elementor-element-3895fb6 elementor-widget elementor-widget-heading\" data-id=\"3895fb6\" data-element_type=\"widget\" data-widget_type=\"heading.default\">\n\t\t\t\t<div class=\"elementor-widget-container\">\n\t\t\t<h2 class=\"elementor-heading-title elementor-size-default\">Quem Somos<\/h2>\t\t<\/div>\n\t\t\t\t<\/div>\n\t\t\t\t<div class=\"elementor-element elementor-element-75a7953 elementor-widget-divider--view-line elementor-widget elementor-widget-divider\" data-id=\"75a7953\" data-element_type=\"widget\" data-widget_type=\"divider.default\">\n\t\t\t\t<div class=\"elementor-widget-container\">\n\t\t\t\t\t<div class=\"elementor-divider\">\n\t\t\t<span class=\"elementor-divider-separator\">\n\t\t\t\t\t\t<\/span>\n\t\t<\/div>\n\t\t\t\t<\/div>\n\t\t\t\t<\/div>\n\t\t\t\t<div class=\"elementor-element elementor-element-0dac9af elementor-widget elementor-widget-text-editor\" data-id=\"0dac9af\" data-element_type=\"widget\" data-widget_type=\"text-editor.default\">\n\t\t\t\t<div class=\"elementor-widget-container\">\n\t\t\t\t\t\t\t<p>Atuando h\u00e1 20 anos em diversas \u00e1reas da sa\u00fade bucal, oferecendo solu\u00e7\u00f5es e os mais modernos procedimentos restauradores, orientando cada paciente em como manter a sa\u00fade bucal e beleza do sorriso.<br \/>Possui uma estrutura voltada para o conforto e comodidade de seus pacientes.<\/p>\t\t\t\t\t\t<\/div>\n\t\t\t\t<\/div>\n\t\t\t\t<div class=\"elementor-element elementor-element-271642c elementor-align-left elementor-widget elementor-widget-button\" data-id=\"271642c\" data-element_type=\"widget\" data-widget_type=\"button.default\">\n\t\t\t\t<div class=\"elementor-widget-container\">\n\t\t\t\t\t<div class=\"elementor-button-wrapper\">\n\t\t\t<a href=\"http:\/\/hojeodontologia.com.br\/index.php\/sobre-nos\/\" class=\"elementor-button-link elementor-button elementor-size-sm\" role=\"button\">\n\t\t\t\t\t\t<span class=\"elementor-button-content-wrapper\">\n\t\t\t\t\t\t<span class=\"elementor-button-text\">Saiba Mais<\/span>\n\t\t<\/span>\n\t\t\t\t\t<\/a>\n\t\t<\/div>\n\t\t\t\t<\/div>\n\t\t\t\t<\/div>\n\t\t\t\t\t<\/div>\n\t\t<\/div>\n\t\t\t\t\t\t\t<\/div>\n\t\t<\/section>\n\t\t\t\t<section class=\"elementor-section elementor-top-section elementor-element elementor-element-8f96e42 elementor-section-boxed elementor-section-height-default elementor-section-height-default\" data-id=\"8f96e42\" data-element_type=\"section\" data-settings=\"{&quot;background_background&quot;:&quot;classic&quot;}\">\n\t\t\t\t\t\t<div class=\"elementor-container elementor-column-gap-default\">\n\t\t\t\t\t<div class=\"elementor-column elementor-col-100 elementor-top-column elementor-element elementor-element-f050aca\" data-id=\"f050aca\" data-element_type=\"column\">\n\t\t\t<div class=\"elementor-widget-wrap elementor-element-populated\">\n\t\t\t\t\t\t\t\t<div class=\"elementor-element elementor-element-b2fb73e elementor-widget elementor-widget-heading\" data-id=\"b2fb73e\" data-element_type=\"widget\" data-widget_type=\"heading.default\">\n\t\t\t\t<div class=\"elementor-widget-container\">\n\t\t\t<h2 class=\"elementor-heading-title elementor-size-default\">Nossos Tratamentos<\/h2>\t\t<\/div>\n\t\t\t\t<\/div>\n\t\t\t\t<div class=\"elementor-element elementor-element-b335e52 elementor-widget-divider--view-line elementor-widget elementor-widget-divider\" data-id=\"b335e52\" data-element_type=\"widget\" data-widget_type=\"divider.default\">\n\t\t\t\t<div class=\"elementor-widget-container\">\n\t\t\t\t\t<div class=\"elementor-divider\">\n\t\t\t<span class=\"elementor-divider-separator\">\n\t\t\t\t\t\t<\/span>\n\t\t<\/div>\n\t\t\t\t<\/div>\n\t\t\t\t<\/div>\n\t\t\t\t<section class=\"elementor-section elementor-inner-section elementor-element elementor-element-d05da6c elementor-section-boxed elementor-section-height-default elementor-section-height-default\" data-id=\"d05da6c\" data-element_type=\"section\">\n\t\t\t\t\t\t<div class=\"elementor-container elementor-column-gap-default\">\n\t\t\t\t\t<div class=\"elementor-column elementor-col-33 elementor-inner-column elementor-element elementor-element-c46fc93\" data-id=\"c46fc93\" data-element_type=\"column\">\n\t\t\t<div class=\"elementor-widget-wrap elementor-element-populated\">\n\t\t\t\t\t\t\t\t<div class=\"elementor-element elementor-element-e3abd0d elementor-view-default elementor-mobile-position-top elementor-vertical-align-top elementor-widget elementor-widget-icon-box\" data-id=\"e3abd0d\" data-element_type=\"widget\" data-widget_type=\"icon-box.default\">\n\t\t\t\t<div class=\"elementor-widget-container\">\n\t\t\t\t\t<div class=\"elementor-icon-box-wrapper\">\n\t\t\t\t\t\t<div class=\"elementor-icon-box-icon\">\n\t\t\t\t<span class=\"elementor-icon elementor-animation-\" >\n\t\t\t\t<i aria-hidden=\"true\" class=\"fas fa-teeth-open\"><\/i>\t\t\t\t<\/span>\n\t\t\t<\/div>\n\t\t\t\t\t\t<div class=\"elementor-icon-box-content\">\n\t\t\t\t<div class=\"elementor-icon-box-title\">\n\t\t\t\t\t<span  >\n\t\t\t\t\t\tOrtodontia \t\t\t\t\t<\/span>\n\t\t\t\t<\/div>\n\t\t\t\t\t\t\t\t\t<p class=\"elementor-icon-box-description\">\n\t\t\t\t\t\tOrtodontia \u00e9 a \u00e1rea da Odontologia que estuda o crescimento e desenvolvimento da face, bem como o desenvolvimento das denti\u00e7\u00f5es, prevenindo, interceptando e corrigindo as m\u00e1s oclus\u00f5es dent\u00e1rias. Sendo assim, a ortodontia \u00e9 respons\u00e1vel pelos aparelhos ortod\u00f4nticos, conhecidos popularmente como aparelhos dent\u00e1rios.\t\t\t\t\t<\/p>\n\t\t\t\t\t\t\t<\/div>\n\t\t<\/div>\n\t\t\t\t<\/div>\n\t\t\t\t<\/div>\n\t\t\t\t\t<\/div>\n\t\t<\/div>\n\t\t\t\t<div class=\"elementor-column elementor-col-33 elementor-inner-column elementor-element elementor-element-2321db4\" data-id=\"2321db4\" data-element_type=\"column\">\n\t\t\t<div class=\"elementor-widget-wrap elementor-element-populated\">\n\t\t\t\t\t\t\t\t<div class=\"elementor-element elementor-element-9ffc2ae elementor-view-default elementor-mobile-position-top elementor-vertical-align-top elementor-widget elementor-widget-icon-box\" data-id=\"9ffc2ae\" data-element_type=\"widget\" data-widget_type=\"icon-box.default\">\n\t\t\t\t<div class=\"elementor-widget-container\">\n\t\t\t\t\t<div class=\"elementor-icon-box-wrapper\">\n\t\t\t\t\t\t<div class=\"elementor-icon-box-icon\">\n\t\t\t\t<span class=\"elementor-icon elementor-animation-\" >\n\t\t\t\t<svg xmlns=\"http:\/\/www.w3.org\/2000\/svg\" id=\"Capa_1\" height=\"512\" viewBox=\"0 0 289.281 289.281\" width=\"512\"><path d=\"m101.96 56.908c-2.618 0-4.742-2.125-4.742-4.742 0-2.618 2.125-4.742 4.742-4.742 13.71 0 32.826-19.311 39.039-26.751 1.679-2.011 4.666-2.281 6.677-.602s2.281 4.662.607 6.677c-2.571 3.086-25.727 30.16-46.323 30.16z\"><\/path><path d=\"m225.26 147.012h-161.239c-2.219 0-4.14-1.541-4.628-3.704-.977-4.358-3.903-8.911-6.634-12.795-.939-1.333-1.84-2.665-2.703-4.003-12.581-19.372-19.23-42.558-19.23-67.037v-12.05c-.001-37.512 40.328-47.423 61.649-47.423 27.017 0 45.071 11.794 52.165 17.442 7.095-5.648 25.149-17.442 52.166-17.442 21.321 0 61.65 9.911 61.65 47.423v12.05c0 24.48-6.649 47.665-19.23 67.042-.863 1.333-1.764 2.665-2.703 3.998-2.732 3.879-5.658 8.437-6.634 12.795-.489 2.162-2.41 3.704-4.629 3.704zm-157.72-9.485h154.206c1.698-4.567 4.444-8.806 7.028-12.472.868-1.233 1.702-2.466 2.499-3.694 11.576-17.845 17.698-39.243 17.698-61.887v-12.05c0-37.403-50.041-37.934-52.17-37.939-30.669 0-48.637 17.414-48.817 17.589-1.854 1.835-4.851 1.835-6.696-.009-.171-.166-18.139-17.58-48.813-17.58-2.124.004-52.165.536-52.165 37.938v12.05c0 22.645 6.122 44.042 17.698 61.878.806 1.238 1.636 2.471 2.504 3.704 2.584 3.67 5.326 7.905 7.028 12.472z\"><\/path><path d=\"m211.033 165.981h-132.785c-2.618 0-4.742-2.125-4.742-4.742v-18.969c0-2.618 2.125-4.742 4.742-4.742h132.785c2.618 0 4.742 2.125 4.742 4.742v18.969c0 2.617-2.124 4.742-4.742 4.742zm-128.043-9.485h123.3v-9.485h-123.3z\"><\/path><path d=\"m158.867 289.281h-28.454c-1.797 0-3.438-1.015-4.244-2.623l-14.227-28.454c-.327-.654-.498-1.385-.498-2.12v-94.846c0-2.618 2.125-4.742 4.742-4.742h56.908c2.618 0 4.742 2.125 4.742 4.742v94.846c0 .735-.171 1.465-.498 2.12l-14.227 28.454c-.805 1.608-2.446 2.623-4.244 2.623zm-25.523-9.485h22.592l12.415-24.831v-88.985h-47.423v88.985z\"><\/path><path d=\"m182.579 189.693h-75.877c-2.618 0-4.742-2.125-4.742-4.742 0-2.618 2.125-4.742 4.742-4.742h75.877c2.618 0 4.742 2.125 4.742 4.742s-2.124 4.742-4.742 4.742z\"><\/path><path d=\"m182.579 208.662h-75.877c-2.618 0-4.742-2.125-4.742-4.742s2.125-4.742 4.742-4.742h75.877c2.618 0 4.742 2.125 4.742 4.742s-2.124 4.742-4.742 4.742z\"><\/path><path d=\"m182.579 227.631h-75.877c-2.618 0-4.742-2.125-4.742-4.742s2.125-4.742 4.742-4.742h75.877c2.618 0 4.742 2.125 4.742 4.742s-2.124 4.742-4.742 4.742z\"><\/path><path d=\"m182.579 246.6h-75.877c-2.618 0-4.742-2.125-4.742-4.742s2.125-4.742 4.742-4.742h75.877c2.618 0 4.742 2.125 4.742 4.742s-2.124 4.742-4.742 4.742z\"><\/path><path d=\"m182.579 265.57h-75.877c-2.618 0-4.742-2.125-4.742-4.742s2.125-4.742 4.742-4.742h75.877c2.618 0 4.742 2.125 4.742 4.742s-2.124 4.742-4.742 4.742z\"><\/path><\/svg>\t\t\t\t<\/span>\n\t\t\t<\/div>\n\t\t\t\t\t\t<div class=\"elementor-icon-box-content\">\n\t\t\t\t<div class=\"elementor-icon-box-title\">\n\t\t\t\t\t<span  >\n\t\t\t\t\t\tImplantes\t\t\t\t\t<\/span>\n\t\t\t\t<\/div>\n\t\t\t\t\t\t\t\t\t<p class=\"elementor-icon-box-description\">\n\t\t\t\t\t\tOs implantes dent\u00e1rios t\u00eam como objetivo de preencher espa\u00e7os de dentes perdidos, melhorando e harmonizando o sorriso, fazendo com que o paciente melhore sua mastiga\u00e7\u00e3o.\t\t\t\t\t<\/p>\n\t\t\t\t\t\t\t<\/div>\n\t\t<\/div>\n\t\t\t\t<\/div>\n\t\t\t\t<\/div>\n\t\t\t\t\t<\/div>\n\t\t<\/div>\n\t\t\t\t<div class=\"elementor-column elementor-col-33 elementor-inner-column elementor-element elementor-element-dd33a39\" data-id=\"dd33a39\" data-element_type=\"column\">\n\t\t\t<div class=\"elementor-widget-wrap elementor-element-populated\">\n\t\t\t\t\t\t\t\t<div class=\"elementor-element elementor-element-4c00704 elementor-view-default elementor-mobile-position-top elementor-vertical-align-top elementor-widget elementor-widget-icon-box\" data-id=\"4c00704\" data-element_type=\"widget\" data-widget_type=\"icon-box.default\">\n\t\t\t\t<div class=\"elementor-widget-container\">\n\t\t\t\t\t<div class=\"elementor-icon-box-wrapper\">\n\t\t\t\t\t\t<div class=\"elementor-icon-box-icon\">\n\t\t\t\t<span class=\"elementor-icon elementor-animation-\" >\n\t\t\t\t<i aria-hidden=\"true\" class=\"far fa-grin\"><\/i>\t\t\t\t<\/span>\n\t\t\t<\/div>\n\t\t\t\t\t\t<div class=\"elementor-icon-box-content\">\n\t\t\t\t<div class=\"elementor-icon-box-title\">\n\t\t\t\t\t<span  >\n\t\t\t\t\t\tEst\u00e9tica Bucal \t\t\t\t\t<\/span>\n\t\t\t\t<\/div>\n\t\t\t\t\t\t\t\t\t<p class=\"elementor-icon-box-description\">\n\t\t\t\t\t\t A est\u00e9tica bucal tem grande impacto e import\u00e2ncia na vida de cada um, se insatisfeito com ela, voc\u00ea pode sentir sua autoestima impactada e at\u00e9 mesmo perceber mudan\u00e7as em seu estilo de vida. Aliar um belo sorriso a sa\u00fade bucal \u00e9 uma meta que todos idealizam. Entre os tratamentos oferecidos, est\u00e3o: clareamento dental, lentes de contato dental, faceta dental, restaura\u00e7\u00f5es est\u00e9ticas\t\t\t\t\t<\/p>\n\t\t\t\t\t\t\t<\/div>\n\t\t<\/div>\n\t\t\t\t<\/div>\n\t\t\t\t<\/div>\n\t\t\t\t\t<\/div>\n\t\t<\/div>\n\t\t\t\t\t\t\t<\/div>\n\t\t<\/section>\n\t\t\t\t<div class=\"elementor-element elementor-element-6d3813f elementor-align-center elementor-widget elementor-widget-button\" data-id=\"6d3813f\" data-element_type=\"widget\" data-widget_type=\"button.default\">\n\t\t\t\t<div class=\"elementor-widget-container\">\n\t\t\t\t\t<div class=\"elementor-button-wrapper\">\n\t\t\t<a href=\"http:\/\/hojeodontologia.com.br\/index.php\/servicos\/\" class=\"elementor-button-link elementor-button elementor-size-sm\" role=\"button\">\n\t\t\t\t\t\t<span class=\"elementor-button-content-wrapper\">\n\t\t\t\t\t\t<span class=\"elementor-button-text\">Saiba Mais<\/span>\n\t\t<\/span>\n\t\t\t\t\t<\/a>\n\t\t<\/div>\n\t\t\t\t<\/div>\n\t\t\t\t<\/div>\n\t\t\t\t\t<\/div>\n\t\t<\/div>\n\t\t\t\t\t\t\t<\/div>\n\t\t<\/section>\n\t\t\t\t<section class=\"elementor-section elementor-top-section elementor-element elementor-element-17f7954 elementor-section-boxed elementor-section-height-default elementor-section-height-default\" data-id=\"17f7954\" data-element_type=\"section\" data-settings=\"{&quot;background_background&quot;:&quot;classic&quot;}\">\n\t\t\t\t\t\t<div class=\"elementor-container elementor-column-gap-default\">\n\t\t\t\t\t<div class=\"elementor-column elementor-col-100 elementor-top-column elementor-element elementor-element-bc0568e\" data-id=\"bc0568e\" data-element_type=\"column\">\n\t\t\t<div class=\"elementor-widget-wrap elementor-element-populated\">\n\t\t\t\t\t\t\t\t<div class=\"elementor-element elementor-element-c41d64d elementor-widget elementor-widget-heading\" data-id=\"c41d64d\" data-element_type=\"widget\" data-widget_type=\"heading.default\">\n\t\t\t\t<div class=\"elementor-widget-container\">\n\t\t\t<h2 class=\"elementor-heading-title elementor-size-default\">Galeria<\/h2>\t\t<\/div>\n\t\t\t\t<\/div>\n\t\t\t\t<div class=\"elementor-element elementor-element-c76cf97 elementor-widget-divider--view-line elementor-widget elementor-widget-divider\" data-id=\"c76cf97\" data-element_type=\"widget\" data-widget_type=\"divider.default\">\n\t\t\t\t<div class=\"elementor-widget-container\">\n\t\t\t\t\t<div class=\"elementor-divider\">\n\t\t\t<span class=\"elementor-divider-separator\">\n\t\t\t\t\t\t<\/span>\n\t\t<\/div>\n\t\t\t\t<\/div>\n\t\t\t\t<\/div>\n\t\t\t\t<div class=\"elementor-element elementor-element-938f456 elementor-arrows-position-outside elementor-pagination-position-outside elementor-widget elementor-widget-image-carousel\" data-id=\"938f456\" data-element_type=\"widget\" data-settings=\"{&quot;pause_on_hover&quot;:&quot;no&quot;,&quot;autoplay_speed&quot;:3000,&quot;navigation&quot;:&quot;both&quot;,&quot;autoplay&quot;:&quot;yes&quot;,&quot;pause_on_interaction&quot;:&quot;yes&quot;,&quot;infinite&quot;:&quot;yes&quot;,&quot;speed&quot;:500}\" data-widget_type=\"image-carousel.default\">\n\t\t\t\t<div class=\"elementor-widget-container\">\n\t\t\t\t\t<div class=\"elementor-image-carousel-wrapper swiper-container\" dir=\"ltr\">\n\t\t\t<div class=\"elementor-image-carousel swiper-wrapper\">\n\t\t\t\t\t\t\t\t<div class=\"swiper-slide\"><figure class=\"swiper-slide-inner\"><img decoding=\"async\" class=\"swiper-slide-image\" src=\"https:\/\/hojeodontologia.com.br\/wp-content\/uploads\/2021\/05\/WhatsApp-Image-2021-05-24-at-12.56.24.jpeg\" alt=\"WhatsApp Image 2021-05-24 at 12.56.24\" \/><\/figure><\/div><div class=\"swiper-slide\"><figure class=\"swiper-slide-inner\"><img decoding=\"async\" class=\"swiper-slide-image\" src=\"https:\/\/hojeodontologia.com.br\/wp-content\/uploads\/2023\/05\/WhatsApp-Image-2023-05-11-at-10.17.25.jpeg\" alt=\"WhatsApp Image 2023-05-11 at 10.17.25\" \/><\/figure><\/div><div class=\"swiper-slide\"><figure class=\"swiper-slide-inner\"><img decoding=\"async\" class=\"swiper-slide-image\" src=\"https:\/\/hojeodontologia.com.br\/wp-content\/uploads\/2023\/05\/WhatsApp-Image-2023-05-11-at-10.17.26.jpeg\" alt=\"WhatsApp Image 2023-05-11 at 10.17.26\" \/><\/figure><\/div><div class=\"swiper-slide\"><figure class=\"swiper-slide-inner\"><img decoding=\"async\" class=\"swiper-slide-image\" src=\"https:\/\/hojeodontologia.com.br\/wp-content\/uploads\/2023\/05\/WhatsApp-Image-2023-05-11-at-10.21.24.jpeg\" alt=\"WhatsApp Image 2023-05-11 at 10.21.24\" \/><\/figure><\/div><div class=\"swiper-slide\"><figure class=\"swiper-slide-inner\"><img decoding=\"async\" class=\"swiper-slide-image\" src=\"https:\/\/hojeodontologia.com.br\/wp-content\/uploads\/2023\/05\/WhatsApp-Image-2023-05-11-at-10.21.25.jpeg\" alt=\"WhatsApp Image 2023-05-11 at 10.21.25\" \/><\/figure><\/div><div class=\"swiper-slide\"><figure class=\"swiper-slide-inner\"><img decoding=\"async\" class=\"swiper-slide-image\" src=\"https:\/\/hojeodontologia.com.br\/wp-content\/uploads\/2023\/06\/WhatsApp-Image-2023-06-02-at-18.28.25.jpeg\" alt=\"WhatsApp Image 2023-06-02 at 18.28.25\" \/><\/figure><\/div>\t\t\t<\/div>\n\t\t\t\t\t\t\t\t\t\t\t\t<div class=\"swiper-pagination\"><\/div>\n\t\t\t\t\t\t\t\t\t\t\t\t\t<div class=\"elementor-swiper-button elementor-swiper-button-prev\" role=\"button\" tabindex=\"0\">\n\t\t\t\t\t\t<i aria-hidden=\"true\" class=\"eicon-chevron-left\"><\/i>\t\t\t\t\t\t<span class=\"elementor-screen-only\">Previous image<\/span>\n\t\t\t\t\t<\/div>\n\t\t\t\t\t<div class=\"elementor-swiper-button elementor-swiper-button-next\" role=\"button\" tabindex=\"0\">\n\t\t\t\t\t\t<i aria-hidden=\"true\" class=\"eicon-chevron-right\"><\/i>\t\t\t\t\t\t<span class=\"elementor-screen-only\">Next image<\/span>\n\t\t\t\t\t<\/div>\n\t\t\t\t\t\t\t\t\t<\/div>\n\t\t\t\t<\/div>\n\t\t\t\t<\/div>\n\t\t\t\t\t<\/div>\n\t\t<\/div>\n\t\t\t\t\t\t\t<\/div>\n\t\t<\/section>\n\t\t\t\t\t\t\t<\/div>\n\t\t","protected":false},"excerpt":{"rendered":"<p>Modula\u00e7\u00e3o Hormonal Odontol\u00f3gica Transformando vidas atrav\u00e9s do atendimento integral e personalizado! N\u00e3o existe boca saud\u00e1vel em um corpo doente. Cuide-se! Entre em contato e agende sua consulta! Hoje Odontologia e Modula\u00e7\u00e3o Hormonal Transformando vidas atrav\u00e9s do atendimento integral e personalizado N\u00e3o existe boca saud\u00e1vel em um corpo doente. Cuide-se! Entre em contato e agende sua [&hellip;]<\/p>\n","protected":false},"author":1,"featured_media":0,"parent":0,"menu_order":0,"comment_status":"closed","ping_status":"closed","template":"elementor_header_footer","meta":{"footnotes":"","_joinchat":[]},"_links":{"self":[{"href":"https:\/\/hojeodontologia.com.br\/index.php\/wp-json\/wp\/v2\/pages\/6"}],"collection":[{"href":"https:\/\/hojeodontologia.com.br\/index.php\/wp-json\/wp\/v2\/pages"}],"about":[{"href":"https:\/\/hojeodontologia.com.br\/index.php\/wp-json\/wp\/v2\/types\/page"}],"author":[{"embeddable":true,"href":"https:\/\/hojeodontologia.com.br\/index.php\/wp-json\/wp\/v2\/users\/1"}],"replies":[{"embeddable":true,"href":"https:\/\/hojeodontologia.com.br\/index.php\/wp-json\/wp\/v2\/comments?post=6"}],"version-history":[{"count":148,"href":"https:\/\/hojeodontologia.com.br\/index.php\/wp-json\/wp\/v2\/pages\/6\/revisions"}],"predecessor-version":[{"id":440,"href":"https:\/\/hojeodontologia.com.br\/index.php\/wp-json\/wp\/v2\/pages\/6\/revisions\/440"}],"wp:attachment":[{"href":"https:\/\/hojeodontologia.com.br\/index.php\/wp-json\/wp\/v2\/media?parent=6"}],"curies":[{"name":"wp","href":"https:\/\/api.w.org\/{rel}","templated":true}]}}